{"id":861,"date":"2023-04-20T21:56:47","date_gmt":"2023-04-21T01:56:47","guid":{"rendered":"http:\/\/127.0.0.1\/chaccouragri2023\/%d8%a7%d9%84%d8%aa%d9%88%d8%b8%d9%8a%d9%81\/"},"modified":"2023-05-01T22:16:45","modified_gmt":"2023-05-02T02:16:45","slug":"%d8%a7%d9%84%d8%aa%d9%88%d8%b8%d9%8a%d9%81","status":"publish","type":"page","link":"https:\/\/chaccour-agri.com\/fr\/%d8%a7%d9%84%d8%aa%d9%88%d8%b8%d9%8a%d9%81\/","title":{"rendered":"CARRI\u00c8RE"},"content":{"rendered":"\t\t<div data-elementor-type=\"wp-page\" data-elementor-id=\"861\" class=\"elementor elementor-861 elementor-496\">\n\t\t\t\t\t\t<section class=\"elementor-section elementor-top-section elementor-element elementor-element-87a87ff elementor-section-boxed elementor-section-height-default elementor-section-height-default\" data-id=\"87a87ff\" data-element_type=\"section\" data-e-type=\"section\">\n\t\t\t\t\t\t<div class=\"elementor-container elementor-column-gap-default\">\n\t\t\t\t\t<div class=\"elementor-column elementor-col-100 elementor-top-column elementor-element elementor-element-680c3cc\" data-id=\"680c3cc\" data-element_type=\"column\" data-e-type=\"column\">\n\t\t\t<div class=\"elementor-widget-wrap elementor-element-populated\">\n\t\t\t\t\t\t<div class=\"elementor-element elementor-element-cdc39b6 elementor-widget elementor-widget-heading\" data-id=\"cdc39b6\" data-element_type=\"widget\" data-e-type=\"widget\" data-widget_type=\"heading.default\">\n\t\t\t\t<div class=\"elementor-widget-container\">\n\t\t\t\t\t<h2 class=\"elementor-heading-title elementor-size-default\">CARRI\u00c8RE<\/h2>\t\t\t\t<\/div>\n\t\t\t\t<\/div>\n\t\t\t\t<div class=\"elementor-element elementor-element-cfe6b54 elementor-widget elementor-widget-text-editor\" data-id=\"cfe6b54\" data-element_type=\"widget\" data-e-type=\"widget\" data-widget_type=\"text-editor.default\">\n\t\t\t\t<div class=\"elementor-widget-container\">\n\t\t\t\t\t\t\t\t\t<p>En tant que soci\u00e9t\u00e9 leader dans le secteur agricole Syrien, nous croyons que le capital humain est la plus grande valeur d\u2019une entreprise.<\/p>\n<p>Nous sommes toujours \u00e0 la recherche de nouveaux talents. La formation, les exp\u00e9riences et les capacit\u00e9s collectives de nos employ\u00e9s sont la garantie de notre croissance et de notre succ\u00e8s.<\/p>\n<p>Que vous soyez un nouveau dipl\u00f4m\u00e9 ou un v\u00e9t\u00e9ran, que ce soit en agriculture, en vente ou en gestion, nous voulons faire votre connaissance !<\/p>\n<p>Remplissez simplement le formulaire ci-dessous et t\u00e9l\u00e9chargez votre CV. Nous communiquerons avec vous bient\u00f4t.<\/p>\n\t\t\t\t\t\t\t\t<\/div>\n\t\t\t\t<\/div>\n\t\t\t\t\t<\/div>\n\t\t<\/div>\n\t\t\t\t\t<\/div>\n\t\t<\/section>\n\t\t\t\t<section class=\"elementor-section elementor-top-section elementor-element elementor-element-f532230 elementor-section-boxed elementor-section-height-default elementor-section-height-default\" data-id=\"f532230\" data-element_type=\"section\" data-e-type=\"section\">\n\t\t\t\t\t\t<div class=\"elementor-container elementor-column-gap-default\">\n\t\t\t\t\t<div class=\"elementor-column elementor-col-100 elementor-top-column elementor-element elementor-element-4a2b0ee\" data-id=\"4a2b0ee\" data-element_type=\"column\" data-e-type=\"column\">\n\t\t\t<div class=\"elementor-widget-wrap elementor-element-populated\">\n\t\t\t\t\t\t<div class=\"elementor-element elementor-element-34c1b45 elementor-widget elementor-widget-avas-contact-form-7\" data-id=\"34c1b45\" data-element_type=\"widget\" data-e-type=\"widget\" data-widget_type=\"avas-contact-form-7.default\">\n\t\t\t\t<div class=\"elementor-widget-container\">\n\t\t\t\t\t        \n                <div class=\"tx-contact-form-7\">\n\n           \n<div class=\"wpcf7 no-js\" id=\"wpcf7-f877-o1\" lang=\"fr-FR\" dir=\"ltr\" data-wpcf7-id=\"877\">\n<div class=\"screen-reader-response\"><p role=\"status\" aria-live=\"polite\" aria-atomic=\"true\"><\/p> <ul><\/ul><\/div>\n<form action=\"\/fr\/wp-json\/wp\/v2\/pages\/861#wpcf7-f877-o1\" method=\"post\" class=\"wpcf7-form init\" aria-label=\"Formulaire de contact\" enctype=\"multipart\/form-data\" novalidate=\"novalidate\" data-status=\"init\">\n<fieldset class=\"hidden-fields-container\"><input type=\"hidden\" name=\"_wpcf7\" value=\"877\" \/><input type=\"hidden\" name=\"_wpcf7_version\" value=\"6.1.5\" \/><input type=\"hidden\" name=\"_wpcf7_locale\" value=\"fr_FR\" \/><input type=\"hidden\" name=\"_wpcf7_unit_tag\" value=\"wpcf7-f877-o1\" \/><input type=\"hidden\" name=\"_wpcf7_container_post\" value=\"0\" \/><input type=\"hidden\" name=\"_wpcf7_posted_data_hash\" value=\"\" \/>\n<\/fieldset>\n<div class=\"row\">\n\t<div class=\"col-md-4\">\n\t\t<p><span class=\"wpcf7-form-control-wrap\" data-name=\"first_name\"><input size=\"40\" maxlength=\"400\" class=\"wpcf7-form-control wpcf7-text wpcf7-validates-as-required tm_pb_contact_form_input\" aria-required=\"true\" aria-invalid=\"false\" placeholder=\"Pr\u00e9nom\" value=\"\" type=\"text\" name=\"first_name\" \/><\/span>\n\t\t<\/p>\n\t<\/div>\n\t<div class=\"col-md-4\">\n\t\t<p><span class=\"wpcf7-form-control-wrap\" data-name=\"last_name\"><input size=\"40\" maxlength=\"400\" class=\"wpcf7-form-control wpcf7-text wpcf7-validates-as-required tm_pb_contact_form_input\" aria-required=\"true\" aria-invalid=\"false\" placeholder=\"Nom de famille\" value=\"\" type=\"text\" name=\"last_name\" \/><\/span>\n\t\t<\/p>\n\t<\/div>\n\t<div class=\"col-md-4\">\n\t\t<p><span class=\"wpcf7-form-control-wrap\" data-name=\"email\"><input size=\"40\" maxlength=\"400\" class=\"wpcf7-form-control wpcf7-email wpcf7-validates-as-required wpcf7-text wpcf7-validates-as-email tm_pb_contact_form_input\" aria-required=\"true\" aria-invalid=\"false\" placeholder=\"Courriel :\" value=\"\" type=\"email\" name=\"email\" \/><\/span>\n\t\t<\/p>\n\t<\/div>\n<\/div>\n<div class=\"row\">\n\t<div class=\"col-md-4\">\n\t\t<p><span class=\"wpcf7-form-control-wrap\" data-name=\"tel-794\"><input size=\"40\" maxlength=\"400\" class=\"wpcf7-form-control wpcf7-tel wpcf7-validates-as-required wpcf7-text wpcf7-validates-as-tel tm_pb_contact_form_input\" id=\"telephone\" aria-required=\"true\" aria-invalid=\"false\" placeholder=\"T\u00e9l\u00e9phone\" value=\"\" type=\"tel\" name=\"tel-794\" \/><\/span>\n\t\t<\/p>\n\t<\/div>\n\t<div class=\"col-md-4\">\n\t\t<p><span class=\"wpcf7-form-control-wrap\" data-name=\"text-178\"><input size=\"40\" maxlength=\"400\" class=\"wpcf7-form-control wpcf7-text wpcf7-validates-as-required tm_pb_contact_form_input\" aria-required=\"true\" aria-invalid=\"false\" placeholder=\"Ville\" value=\"\" type=\"text\" name=\"text-178\" \/><\/span>\n\t\t<\/p>\n\t<\/div>\n\t<div class=\"col-md-4 col-xs-12\">\n\t\t<p><span class=\"wpcf7-form-control-wrap\" data-name=\"menu-804\"><select class=\"wpcf7-form-control wpcf7-select wpcf7-validates-as-required tm_pb_contact_form_input sel\" aria-required=\"true\" aria-invalid=\"false\" name=\"menu-804\"><option value=\"Governorate\">Governorate<\/option><option value=\"Aleppo\">Aleppo<\/option><option value=\"Damascus\">Damascus<\/option><option value=\"Daraa\">Daraa<\/option><option value=\"Deir Ezzor\">Deir Ezzor<\/option><option value=\"Hasaka\">Hasaka<\/option><option value=\"Hama\">Hama<\/option><option value=\"Homs\">Homs<\/option><option value=\"Idlib\">Idlib<\/option><option value=\"Latakia\">Latakia<\/option><option value=\"Quneitra\">Quneitra<\/option><option value=\"Raqqah\">Raqqah<\/option><option value=\"Rif Dimashq\">Rif Dimashq<\/option><option value=\"Sweida\">Sweida<\/option><option value=\"Tartus\">Tartus<\/option><\/select><\/span>\n\t\t<\/p>\n\t<\/div>\n<\/div>\n<div class=\"row\">\n\t<div class=\"col-md-4\">\n\t\t<p><label for=\"file-upload\" class=\"custom-file-upload\"><br \/>\n<span class=\"label-span\"><i class=\"fa fa-cloud-upload\"><\/i> Chargement personnalis\u00e9<\/span><br \/>\n<\/label><br \/>\n<span class=\"wpcf7-form-control-wrap\" data-name=\"your-file\"><input size=\"40\" class=\"wpcf7-form-control wpcf7-file file-up\" id=\"file-upload\" accept=\".pdf,.doc,.docx\" aria-invalid=\"false\" type=\"file\" name=\"your-file\" \/><\/span>\n\t\t<\/p>\n\t<\/div>\n<\/div>\n<div class=\"row\">\n\t<div class=\"col-md-12 col-xs-12\">\n\t\t<p><span class=\"wpcf7-form-control-wrap\" data-name=\"textarea-676\"><textarea cols=\"10\" rows=\"2\" maxlength=\"2000\" class=\"wpcf7-form-control wpcf7-textarea\" aria-invalid=\"false\" placeholder=\"Message\" name=\"textarea-676\"><\/textarea><\/span>\n\t\t<\/p>\n\t<\/div>\n<\/div>\n<div>\n\t<div class=\"contactus7-send col-md-2 col-xs-12\">\n\t\t<p><span class=\"wpcf7-form-control-wrap\" data-name=\"hcap-cf7\">\t\t<input\n\t\t\t\ttype=\"hidden\"\n\t\t\t\tclass=\"hcaptcha-widget-id\"\n\t\t\t\tname=\"hcaptcha-widget-id\"\n\t\t\t\tvalue=\"eyJzb3VyY2UiOlsiY29udGFjdC1mb3JtLTdcL3dwLWNvbnRhY3QtZm9ybS03LnBocCJdLCJmb3JtX2lkIjo1MDF9-21683c761d5f2da7a64605a6b60a1392\">\n\t\t\t\t<span id=\"hcap_cf7-69d444948fb519.41673712\" class=\"wpcf7-form-control h-captcha \"\n\t\t\tdata-sitekey=\"3ef54853-e942-4be3-a54b-478565b9a996\"\n\t\t\tdata-theme=\"light\"\n\t\t\tdata-size=\"normal\"\n\t\t\tdata-auto=\"false\"\n\t\t\tdata-ajax=\"false\"\n\t\t\tdata-force=\"false\">\n\t\t<\/span>\n\t\t<input type=\"hidden\" id=\"_wpnonce\" name=\"_wpnonce\" value=\"ccd3986bbb\" \/><input type=\"hidden\" name=\"_wp_http_referer\" value=\"\/fr\/wp-json\/wp\/v2\/pages\/861\" \/><\/span><input class=\"wpcf7-form-control wpcf7-submit has-spinner tm_pb_contact_right\" type=\"submit\" value=\"Soumettre\" \/>\n\t\t<\/p>\n\t<\/div>\n<\/div><div class=\"wpcf7-response-output\" aria-hidden=\"true\"><\/div>\n<\/form>\n<\/div>\n       \n        <\/div><!-- tx-contact-form-7 -->\n        \n    \t\t\t\t<\/div>\n\t\t\t\t<\/div>\n\t\t\t\t\t<\/div>\n\t\t<\/div>\n\t\t\t\t\t<\/div>\n\t\t<\/section>\n\t\t\t\t<\/div>\n\t\t","protected":false},"excerpt":{"rendered":"<p class=\"tx-excerpt\">CARRI\u00c8RE En tant que soci\u00e9t\u00e9 leader dans le secteur agricole Syrien, nous croyons que le capital humain est la plus grande valeur d\u2019une entreprise. Nous sommes toujours \u00e0 la recherche de nouveaux talents. La formation,...<\/p>","protected":false},"author":1,"featured_media":0,"parent":0,"menu_order":0,"comment_status":"closed","ping_status":"closed","template":"","meta":{"footnotes":""},"class_list":["post-861","page","type-page","status-publish","hentry"],"yoast_head":"<!-- This site is optimized with the Yoast SEO plugin v27.3 - https:\/\/yoast.com\/product\/yoast-seo-wordpress\/ -->\n<title>CARRI\u00c8RE - chaccour Agricultural Company<\/title>\n<meta name=\"robots\" content=\"index, follow, max-snippet:-1, max-image-preview:large, max-video-preview:-1\" \/>\n<link rel=\"canonical\" href=\"https:\/\/chaccour-agri.com\/fr\/\u0627\u0644\u062a\u0648\u0638\u064a\u0641\/\" \/>\n<meta property=\"og:locale\" content=\"fr_FR\" \/>\n<meta property=\"og:type\" content=\"article\" \/>\n<meta property=\"og:title\" content=\"CARRI\u00c8RE - chaccour Agricultural Company\" \/>\n<meta property=\"og:description\" content=\"CARRI\u00c8RE En tant que soci\u00e9t\u00e9 leader dans le secteur agricole Syrien, nous croyons que le capital humain est la plus grande valeur d\u2019une entreprise. Nous sommes toujours \u00e0 la recherche de nouveaux talents. La formation, les exp\u00e9riences et les capacit\u00e9s collectives de nos employ\u00e9s sont la garantie de notre croissance et de notre succ\u00e8s. Que [&hellip;]\" \/>\n<meta property=\"og:url\" content=\"https:\/\/chaccour-agri.com\/fr\/\u0627\u0644\u062a\u0648\u0638\u064a\u0641\/\" \/>\n<meta property=\"og:site_name\" content=\"chaccour Agricultural Company\" \/>\n<meta property=\"article:publisher\" content=\"https:\/\/www.facebook.com\/Chaccour.Agricultural.Company\/\" \/>\n<meta property=\"article:modified_time\" content=\"2023-05-02T02:16:45+00:00\" \/>\n<meta property=\"og:image\" content=\"https:\/\/chaccour-agri.com\/wp-content\/uploads\/2023\/04\/chaccour-bg-web-scaled.jpg\" \/>\n\t<meta property=\"og:image:width\" content=\"2560\" \/>\n\t<meta property=\"og:image:height\" content=\"1700\" \/>\n\t<meta property=\"og:image:type\" content=\"image\/jpeg\" \/>\n<meta name=\"twitter:card\" content=\"summary_large_image\" \/>\n<meta name=\"twitter:label1\" content=\"Dur\u00e9e de lecture estim\u00e9e\" \/>\n\t<meta name=\"twitter:data1\" content=\"1 minute\" \/>\n<script type=\"application\/ld+json\" class=\"yoast-schema-graph\">{\"@context\":\"https:\\\/\\\/schema.org\",\"@graph\":[{\"@type\":\"WebPage\",\"@id\":\"https:\\\/\\\/chaccour-agri.com\\\/fr\\\/%d8%a7%d9%84%d8%aa%d9%88%d8%b8%d9%8a%d9%81\\\/\",\"url\":\"https:\\\/\\\/chaccour-agri.com\\\/fr\\\/%d8%a7%d9%84%d8%aa%d9%88%d8%b8%d9%8a%d9%81\\\/\",\"name\":\"CARRI\u00c8RE - chaccour Agricultural Company\",\"isPartOf\":{\"@id\":\"http:\\\/\\\/chaccour-agri.com\\\/ar\\\/#website\"},\"datePublished\":\"2023-04-21T01:56:47+00:00\",\"dateModified\":\"2023-05-02T02:16:45+00:00\",\"breadcrumb\":{\"@id\":\"https:\\\/\\\/chaccour-agri.com\\\/fr\\\/%d8%a7%d9%84%d8%aa%d9%88%d8%b8%d9%8a%d9%81\\\/#breadcrumb\"},\"inLanguage\":\"fr-FR\",\"potentialAction\":[{\"@type\":\"ReadAction\",\"target\":[\"https:\\\/\\\/chaccour-agri.com\\\/fr\\\/%d8%a7%d9%84%d8%aa%d9%88%d8%b8%d9%8a%d9%81\\\/\"]}]},{\"@type\":\"BreadcrumbList\",\"@id\":\"https:\\\/\\\/chaccour-agri.com\\\/fr\\\/%d8%a7%d9%84%d8%aa%d9%88%d8%b8%d9%8a%d9%81\\\/#breadcrumb\",\"itemListElement\":[{\"@type\":\"ListItem\",\"position\":1,\"name\":\"Home\",\"item\":\"https:\\\/\\\/chaccour-agri.com\\\/fr\\\/\"},{\"@type\":\"ListItem\",\"position\":2,\"name\":\"CARRI\u00c8RE\"}]},{\"@type\":\"WebSite\",\"@id\":\"http:\\\/\\\/chaccour-agri.com\\\/ar\\\/#website\",\"url\":\"http:\\\/\\\/chaccour-agri.com\\\/ar\\\/\",\"name\":\"Chaccour Agricultural Company\",\"description\":\"Quality Integrity Trust\",\"publisher\":{\"@id\":\"http:\\\/\\\/chaccour-agri.com\\\/ar\\\/#organization\"},\"potentialAction\":[{\"@type\":\"SearchAction\",\"target\":{\"@type\":\"EntryPoint\",\"urlTemplate\":\"http:\\\/\\\/chaccour-agri.com\\\/ar\\\/?s={search_term_string}\"},\"query-input\":{\"@type\":\"PropertyValueSpecification\",\"valueRequired\":true,\"valueName\":\"search_term_string\"}}],\"inLanguage\":\"fr-FR\"},{\"@type\":\"Organization\",\"@id\":\"http:\\\/\\\/chaccour-agri.com\\\/ar\\\/#organization\",\"name\":\"Chaccour Agricultural Company\",\"url\":\"http:\\\/\\\/chaccour-agri.com\\\/ar\\\/\",\"logo\":{\"@type\":\"ImageObject\",\"inLanguage\":\"fr-FR\",\"@id\":\"http:\\\/\\\/chaccour-agri.com\\\/ar\\\/#\\\/schema\\\/logo\\\/image\\\/\",\"url\":\"http:\\\/\\\/chaccour-agri.com\\\/wp-content\\\/uploads\\\/2023\\\/04\\\/chaccour-logo-2.png\",\"contentUrl\":\"http:\\\/\\\/chaccour-agri.com\\\/wp-content\\\/uploads\\\/2023\\\/04\\\/chaccour-logo-2.png\",\"width\":600,\"height\":350,\"caption\":\"Chaccour Agricultural Company\"},\"image\":{\"@id\":\"http:\\\/\\\/chaccour-agri.com\\\/ar\\\/#\\\/schema\\\/logo\\\/image\\\/\"},\"sameAs\":[\"https:\\\/\\\/www.facebook.com\\\/Chaccour.Agricultural.Company\\\/\"]}]}<\/script>\n<!-- \/ Yoast SEO plugin. -->","yoast_head_json":{"title":"CARRI\u00c8RE - chaccour Agricultural Company","robots":{"index":"index","follow":"follow","max-snippet":"max-snippet:-1","max-image-preview":"max-image-preview:large","max-video-preview":"max-video-preview:-1"},"canonical":"https:\/\/chaccour-agri.com\/fr\/\u0627\u0644\u062a\u0648\u0638\u064a\u0641\/","og_locale":"fr_FR","og_type":"article","og_title":"CARRI\u00c8RE - chaccour Agricultural Company","og_description":"CARRI\u00c8RE En tant que soci\u00e9t\u00e9 leader dans le secteur agricole Syrien, nous croyons que le capital humain est la plus grande valeur d\u2019une entreprise. Nous sommes toujours \u00e0 la recherche de nouveaux talents. La formation, les exp\u00e9riences et les capacit\u00e9s collectives de nos employ\u00e9s sont la garantie de notre croissance et de notre succ\u00e8s. Que [&hellip;]","og_url":"https:\/\/chaccour-agri.com\/fr\/\u0627\u0644\u062a\u0648\u0638\u064a\u0641\/","og_site_name":"chaccour Agricultural Company","article_publisher":"https:\/\/www.facebook.com\/Chaccour.Agricultural.Company\/","article_modified_time":"2023-05-02T02:16:45+00:00","og_image":[{"width":2560,"height":1700,"url":"https:\/\/chaccour-agri.com\/wp-content\/uploads\/2023\/04\/chaccour-bg-web-scaled.jpg","type":"image\/jpeg"}],"twitter_card":"summary_large_image","twitter_misc":{"Dur\u00e9e de lecture estim\u00e9e":"1 minute"},"schema":{"@context":"https:\/\/schema.org","@graph":[{"@type":"WebPage","@id":"https:\/\/chaccour-agri.com\/fr\/%d8%a7%d9%84%d8%aa%d9%88%d8%b8%d9%8a%d9%81\/","url":"https:\/\/chaccour-agri.com\/fr\/%d8%a7%d9%84%d8%aa%d9%88%d8%b8%d9%8a%d9%81\/","name":"CARRI\u00c8RE - chaccour Agricultural Company","isPartOf":{"@id":"http:\/\/chaccour-agri.com\/ar\/#website"},"datePublished":"2023-04-21T01:56:47+00:00","dateModified":"2023-05-02T02:16:45+00:00","breadcrumb":{"@id":"https:\/\/chaccour-agri.com\/fr\/%d8%a7%d9%84%d8%aa%d9%88%d8%b8%d9%8a%d9%81\/#breadcrumb"},"inLanguage":"fr-FR","potentialAction":[{"@type":"ReadAction","target":["https:\/\/chaccour-agri.com\/fr\/%d8%a7%d9%84%d8%aa%d9%88%d8%b8%d9%8a%d9%81\/"]}]},{"@type":"BreadcrumbList","@id":"https:\/\/chaccour-agri.com\/fr\/%d8%a7%d9%84%d8%aa%d9%88%d8%b8%d9%8a%d9%81\/#breadcrumb","itemListElement":[{"@type":"ListItem","position":1,"name":"Home","item":"https:\/\/chaccour-agri.com\/fr\/"},{"@type":"ListItem","position":2,"name":"CARRI\u00c8RE"}]},{"@type":"WebSite","@id":"http:\/\/chaccour-agri.com\/ar\/#website","url":"http:\/\/chaccour-agri.com\/ar\/","name":"Chaccour Agricultural Company","description":"Quality Integrity Trust","publisher":{"@id":"http:\/\/chaccour-agri.com\/ar\/#organization"},"potentialAction":[{"@type":"SearchAction","target":{"@type":"EntryPoint","urlTemplate":"http:\/\/chaccour-agri.com\/ar\/?s={search_term_string}"},"query-input":{"@type":"PropertyValueSpecification","valueRequired":true,"valueName":"search_term_string"}}],"inLanguage":"fr-FR"},{"@type":"Organization","@id":"http:\/\/chaccour-agri.com\/ar\/#organization","name":"Chaccour Agricultural Company","url":"http:\/\/chaccour-agri.com\/ar\/","logo":{"@type":"ImageObject","inLanguage":"fr-FR","@id":"http:\/\/chaccour-agri.com\/ar\/#\/schema\/logo\/image\/","url":"http:\/\/chaccour-agri.com\/wp-content\/uploads\/2023\/04\/chaccour-logo-2.png","contentUrl":"http:\/\/chaccour-agri.com\/wp-content\/uploads\/2023\/04\/chaccour-logo-2.png","width":600,"height":350,"caption":"Chaccour Agricultural Company"},"image":{"@id":"http:\/\/chaccour-agri.com\/ar\/#\/schema\/logo\/image\/"},"sameAs":["https:\/\/www.facebook.com\/Chaccour.Agricultural.Company\/"]}]}},"_links":{"self":[{"href":"https:\/\/chaccour-agri.com\/fr\/wp-json\/wp\/v2\/pages\/861","targetHints":{"allow":["GET"]}}],"collection":[{"href":"https:\/\/chaccour-agri.com\/fr\/wp-json\/wp\/v2\/pages"}],"about":[{"href":"https:\/\/chaccour-agri.com\/fr\/wp-json\/wp\/v2\/types\/page"}],"author":[{"embeddable":true,"href":"https:\/\/chaccour-agri.com\/fr\/wp-json\/wp\/v2\/users\/1"}],"replies":[{"embeddable":true,"href":"https:\/\/chaccour-agri.com\/fr\/wp-json\/wp\/v2\/comments?post=861"}],"version-history":[{"count":3,"href":"https:\/\/chaccour-agri.com\/fr\/wp-json\/wp\/v2\/pages\/861\/revisions"}],"predecessor-version":[{"id":864,"href":"https:\/\/chaccour-agri.com\/fr\/wp-json\/wp\/v2\/pages\/861\/revisions\/864"}],"wp:attachment":[{"href":"https:\/\/chaccour-agri.com\/fr\/wp-json\/wp\/v2\/media?parent=861"}],"curies":[{"name":"wp","href":"https:\/\/api.w.org\/{rel}","templated":true}]}}