{"id":836,"date":"2023-04-19T22:05:14","date_gmt":"2023-04-20T02:05:14","guid":{"rendered":"http:\/\/127.0.0.1\/chaccouragri2023\/products\/"},"modified":"2023-07-26T11:53:44","modified_gmt":"2023-07-26T15:53:44","slug":"products","status":"publish","type":"page","link":"http:\/\/chaccour-agri.com\/fr\/products\/","title":{"rendered":"Products"},"content":{"rendered":"\t\t<div data-elementor-type=\"wp-page\" data-elementor-id=\"836\" class=\"elementor elementor-836 elementor-400\">\n\t\t\t\t\t\t<section class=\"elementor-section elementor-top-section elementor-element elementor-element-a72a8be elementor-section-boxed elementor-section-height-default elementor-section-height-default\" data-id=\"a72a8be\" data-element_type=\"section\" data-e-type=\"section\">\n\t\t\t\t\t\t<div class=\"elementor-container elementor-column-gap-default\">\n\t\t\t\t\t<div class=\"elementor-column elementor-col-100 elementor-top-column elementor-element elementor-element-044271e\" data-id=\"044271e\" data-element_type=\"column\" data-e-type=\"column\">\n\t\t\t<div class=\"elementor-widget-wrap elementor-element-populated\">\n\t\t\t\t\t\t<div class=\"elementor-element elementor-element-065bb50 elementor-widget elementor-widget-avas-features\" data-id=\"065bb50\" data-element_type=\"widget\" data-e-type=\"widget\" data-widget_type=\"avas-features.default\">\n\t\t\t\t<div class=\"elementor-widget-container\">\n\t\t\t\t\t\n        \n                <div class=\"tx-ft-container \">\n            \n                <div class=\"tx-ft-wrapper\">\n                    <div class=\"tx-ft-image-content\">\n                                                      <img fetchpriority=\"high\" decoding=\"async\" width=\"1500\" height=\"938\" src=\"http:\/\/chaccour-agri.com\/wp-content\/uploads\/2023\/04\/Field-visit-collard-field-crop-California-lowcrop_web.jpg\" class=\"attachment-full size-full wp-image-754\" alt=\"\u0645\u0628\u064a\u062f\u0627\u062a\" srcset=\"http:\/\/chaccour-agri.com\/wp-content\/uploads\/2023\/04\/Field-visit-collard-field-crop-California-lowcrop_web.jpg 1500w, http:\/\/chaccour-agri.com\/wp-content\/uploads\/2023\/04\/Field-visit-collard-field-crop-California-lowcrop_web-300x188.jpg 300w, http:\/\/chaccour-agri.com\/wp-content\/uploads\/2023\/04\/Field-visit-collard-field-crop-California-lowcrop_web-1024x640.jpg 1024w, http:\/\/chaccour-agri.com\/wp-content\/uploads\/2023\/04\/Field-visit-collard-field-crop-California-lowcrop_web-768x480.jpg 768w, http:\/\/chaccour-agri.com\/wp-content\/uploads\/2023\/04\/Field-visit-collard-field-crop-California-lowcrop_web-350x220.jpg 350w, http:\/\/chaccour-agri.com\/wp-content\/uploads\/2023\/04\/Field-visit-collard-field-crop-California-lowcrop_web-360x225.jpg 360w, http:\/\/chaccour-agri.com\/wp-content\/uploads\/2023\/04\/Field-visit-collard-field-crop-California-lowcrop_web-373x233.jpg 373w, http:\/\/chaccour-agri.com\/wp-content\/uploads\/2023\/04\/Field-visit-collard-field-crop-California-lowcrop_web-80x50.jpg 80w, http:\/\/chaccour-agri.com\/wp-content\/uploads\/2023\/04\/Field-visit-collard-field-crop-California-lowcrop_web-620x388.jpg 620w, http:\/\/chaccour-agri.com\/wp-content\/uploads\/2023\/04\/Field-visit-collard-field-crop-California-lowcrop_web-460x288.jpg 460w, http:\/\/chaccour-agri.com\/wp-content\/uploads\/2023\/04\/Field-visit-collard-field-crop-California-lowcrop_web-365x228.jpg 365w\" sizes=\"(max-width: 1500px) 100vw, 1500px\" \/>                                            <\/div><!-- tx-ft-image-content -->\n                    <div class=\"tx-ft-text-content\">\n                        <div class=\"tx-ft-subtitle\"><\/div>\n                                                <h3 class=\"tx-ft-title\">PROTECTION DES CULTURES<\/h3>\n                                                <div class=\"tx-ft-desc\"><div class=\"tm_pb_text tm_pb_module tm_pb_bg_layout_light tm_pb_text_align_left tm_pb_text_1\"><p><strong>Depuis sa cr\u00e9ation, Chaccour Agricultural Company s\u2019est engag\u00e9e \u00e0 fournir \u00e0 ses clients des solutions phytosanitaires de haute qualit\u00e9.<\/strong><\/p><\/div><div class=\"tm_pb_text tm_pb_module tm_pb_bg_layout_light tm_pb_text_align_left tm_pb_text_2\"><p>Avec nos partenaires internationaux et locaux pour la protection des cultures, notre soci\u00e9t\u00e9 s\u2019efforce de fournir les mol\u00e9cules les plus r\u00e9centes et les plus s\u00fbres pour lutter contre la menace croissante des ravageurs qui d\u00e9fient les producteurs Syriens.<\/p><p>Notre portefeuille comprend une gamme de mol\u00e9cules g\u00e9n\u00e9riques et brevet\u00e9es avec diff\u00e9rents modes d\u2019action : herbicides, fongicides, insecticides ainsi que des produits de lutte biologique respectueux de l\u2019environnement.<\/p><p>Un portefeuille aussi diversifi\u00e9 assure un contr\u00f4le optimal de la r\u00e9sistance aux ravageurs.<\/p><\/div><\/div>\n                    <\/div><!-- tx-ft-text-content -->\n                <\/div><!-- tx-ft-wrapper -->\n\n            \n                <div class=\"tx-ft-wrapper\">\n                    <div class=\"tx-ft-image-content\">\n                                                      <img decoding=\"async\" width=\"1600\" height=\"1060\" src=\"http:\/\/chaccour-agri.com\/wp-content\/uploads\/2023\/04\/ChemicalFertilizer.jpg\" class=\"attachment-full size-full wp-image-762\" alt=\"\u0623\u0633\u0645\u062f\u0629\" srcset=\"http:\/\/chaccour-agri.com\/wp-content\/uploads\/2023\/04\/ChemicalFertilizer.jpg 1600w, http:\/\/chaccour-agri.com\/wp-content\/uploads\/2023\/04\/ChemicalFertilizer-300x199.jpg 300w, http:\/\/chaccour-agri.com\/wp-content\/uploads\/2023\/04\/ChemicalFertilizer-1024x678.jpg 1024w, http:\/\/chaccour-agri.com\/wp-content\/uploads\/2023\/04\/ChemicalFertilizer-768x509.jpg 768w, http:\/\/chaccour-agri.com\/wp-content\/uploads\/2023\/04\/ChemicalFertilizer-1536x1018.jpg 1536w, http:\/\/chaccour-agri.com\/wp-content\/uploads\/2023\/04\/ChemicalFertilizer-150x100.jpg 150w, http:\/\/chaccour-agri.com\/wp-content\/uploads\/2023\/04\/ChemicalFertilizer-360x239.jpg 360w, http:\/\/chaccour-agri.com\/wp-content\/uploads\/2023\/04\/ChemicalFertilizer-373x247.jpg 373w, http:\/\/chaccour-agri.com\/wp-content\/uploads\/2023\/04\/ChemicalFertilizer-80x53.jpg 80w, http:\/\/chaccour-agri.com\/wp-content\/uploads\/2023\/04\/ChemicalFertilizer-620x411.jpg 620w, http:\/\/chaccour-agri.com\/wp-content\/uploads\/2023\/04\/ChemicalFertilizer-460x305.jpg 460w, http:\/\/chaccour-agri.com\/wp-content\/uploads\/2023\/04\/ChemicalFertilizer-365x242.jpg 365w\" sizes=\"(max-width: 1600px) 100vw, 1600px\" \/>                                            <\/div><!-- tx-ft-image-content -->\n                    <div class=\"tx-ft-text-content\">\n                        <div class=\"tx-ft-subtitle\"><\/div>\n                                                <h3 class=\"tx-ft-title\">LES ENGRAIS<\/h3>\n                                                <div class=\"tx-ft-desc\"><div class=\"tm_pb_text tm_pb_module tm_pb_bg_layout_light tm_pb_text_align_left tm_pb_text_4\"><p><strong>Une bonne nutrition des plantes est essentielle \u00e0 la sant\u00e9 des plantes, \u00e0 la qualit\u00e9 et au rendement des cultures, ce qui en fait la pierre angulaire de la s\u00e9curit\u00e9 alimentaire mondiale.<\/strong><\/p><\/div><div class=\"tm_pb_text tm_pb_module tm_pb_bg_layout_light tm_pb_text_align_left tm_pb_text_5\"><p>Notre portefeuille d\u2019engrais propose des solutions compl\u00e8tes de nutrition des plantes pour les producteurs professionnels, sous forme granulaire, cristalline ou liquide, afin de maintenir des cultures saines \u00e0 l\u2019abri de toute carence en \u00e9l\u00e9ments nutritifs.<\/p><p>Notre gamme d\u2019engrais comprend : des engrais simples, des NPK granulaires complexes, des NPK complexes solubles, des micronutriments ch\u00e9lat\u00e9s et des bio-stimulants.<\/p><p>Nous fournissons en outre aux fabricants d\u2019engrais locaux des mati\u00e8res premi\u00e8res de haute qualit\u00e9.<\/p><\/div><\/div>\n                    <\/div><!-- tx-ft-text-content -->\n                <\/div><!-- tx-ft-wrapper -->\n\n            \n                <div class=\"tx-ft-wrapper\">\n                    <div class=\"tx-ft-image-content\">\n                                                      <img decoding=\"async\" width=\"1500\" height=\"1063\" src=\"http:\/\/chaccour-agri.com\/wp-content\/uploads\/2023\/04\/seeds_web.jpg\" class=\"attachment-full size-full wp-image-764\" alt=\"\u0627\u0644\u0628\u0630\u0648\u0631\" srcset=\"http:\/\/chaccour-agri.com\/wp-content\/uploads\/2023\/04\/seeds_web.jpg 1500w, http:\/\/chaccour-agri.com\/wp-content\/uploads\/2023\/04\/seeds_web-300x213.jpg 300w, http:\/\/chaccour-agri.com\/wp-content\/uploads\/2023\/04\/seeds_web-1024x726.jpg 1024w, http:\/\/chaccour-agri.com\/wp-content\/uploads\/2023\/04\/seeds_web-768x544.jpg 768w, http:\/\/chaccour-agri.com\/wp-content\/uploads\/2023\/04\/seeds_web-360x255.jpg 360w, http:\/\/chaccour-agri.com\/wp-content\/uploads\/2023\/04\/seeds_web-373x264.jpg 373w, http:\/\/chaccour-agri.com\/wp-content\/uploads\/2023\/04\/seeds_web-80x57.jpg 80w, http:\/\/chaccour-agri.com\/wp-content\/uploads\/2023\/04\/seeds_web-620x439.jpg 620w, http:\/\/chaccour-agri.com\/wp-content\/uploads\/2023\/04\/seeds_web-460x326.jpg 460w, http:\/\/chaccour-agri.com\/wp-content\/uploads\/2023\/04\/seeds_web-365x259.jpg 365w\" sizes=\"(max-width: 1500px) 100vw, 1500px\" \/>                                            <\/div><!-- tx-ft-image-content -->\n                    <div class=\"tx-ft-text-content\">\n                        <div class=\"tx-ft-subtitle\"><\/div>\n                                                <h3 class=\"tx-ft-title\">SEMENCES<\/h3>\n                                                <div class=\"tx-ft-desc\"><div class=\"tm_pb_text tm_pb_module tm_pb_bg_layout_light tm_pb_text_align_left tm_pb_text_7\"><p><strong>Etant l\u2019un des principaux acteurs du march\u00e9 des semences en Syrie, nous proposons une gamme de semences OP et hybrides produites par de grands semenciers.<\/strong><\/p><\/div><div class=\"tm_pb_text tm_pb_module tm_pb_bg_layout_light tm_pb_text_align_left tm_pb_text_8\"><p>Les vari\u00e9t\u00e9s sont s\u00e9lectionn\u00e9es parmi un large assortiment en fonction des besoins du march\u00e9, des tendances de consommation, de l\u2019adaptabilit\u00e9 climatique, de la r\u00e9sistance aux maladies, du rendement et surtout de la qualit\u00e9 des produits.<\/p><p>Notre cycle d\u2019essai de vari\u00e9t\u00e9s garantit une offre de qualit\u00e9 \u00e0 valeur ajout\u00e9e.<\/p><p>Notre gamme de semences comprend des l\u00e9gumes pour production de plein-champ ou sous serre, des semences de gazon pour l\u2019am\u00e9nagement paysager et de terrains de football professionnels, ainsi que des semences de plantes fourrag\u00e8re pour le p\u00e2turage et l\u2019alimentation du b\u00e9tail.<\/p><\/div><\/div>\n                    <\/div><!-- tx-ft-text-content -->\n                <\/div><!-- tx-ft-wrapper -->\n\n                    <\/div><!-- tx-ft-container -->\n        \n\n\t\t\t\t<\/div>\n\t\t\t\t<\/div>\n\t\t\t\t\t<\/div>\n\t\t<\/div>\n\t\t\t\t\t<\/div>\n\t\t<\/section>\n\t\t\t\t<\/div>\n\t\t","protected":false},"excerpt":{"rendered":"<p class=\"tx-excerpt\">PROTECTION DES CULTURES Depuis sa cr\u00e9ation, Chaccour Agricultural Company s\u2019est engag\u00e9e \u00e0 fournir \u00e0 ses clients des solutions phytosanitaires de haute qualit\u00e9. Avec nos partenaires internationaux et locaux pour la protection des cultures, notre soci\u00e9t\u00e9...<\/p>","protected":false},"author":1,"featured_media":0,"parent":0,"menu_order":0,"comment_status":"closed","ping_status":"closed","template":"","meta":{"footnotes":""},"class_list":["post-836","page","type-page","status-publish","hentry"],"yoast_head":"<!-- This site is optimized with the Yoast SEO plugin v27.3 - https:\/\/yoast.com\/product\/yoast-seo-wordpress\/ -->\n<title>Products - chaccour Agricultural Company<\/title>\n<meta name=\"robots\" content=\"index, follow, max-snippet:-1, max-image-preview:large, max-video-preview:-1\" \/>\n<link rel=\"canonical\" href=\"http:\/\/chaccour-agri.com\/fr\/products\/\" \/>\n<meta property=\"og:locale\" content=\"fr_FR\" \/>\n<meta property=\"og:type\" content=\"article\" \/>\n<meta property=\"og:title\" content=\"Products - chaccour Agricultural Company\" \/>\n<meta property=\"og:description\" content=\"PROTECTION DES CULTURES Depuis sa cr\u00e9ation, Chaccour Agricultural Company s\u2019est engag\u00e9e \u00e0 fournir \u00e0 ses clients des solutions phytosanitaires de haute qualit\u00e9. Avec nos partenaires internationaux et locaux pour la protection des cultures, notre soci\u00e9t\u00e9 s\u2019efforce de fournir les mol\u00e9cules les plus r\u00e9centes et les plus s\u00fbres pour lutter contre la menace croissante des ravageurs [&hellip;]\" \/>\n<meta property=\"og:url\" content=\"http:\/\/chaccour-agri.com\/fr\/products\/\" \/>\n<meta property=\"og:site_name\" content=\"chaccour Agricultural Company\" \/>\n<meta property=\"article:publisher\" content=\"https:\/\/www.facebook.com\/Chaccour.Agricultural.Company\/\" \/>\n<meta property=\"article:modified_time\" content=\"2023-07-26T15:53:44+00:00\" \/>\n<meta property=\"og:image\" content=\"http:\/\/chaccour-agri.com\/wp-content\/uploads\/2023\/04\/Field-visit-collard-field-crop-California-lowcrop_web.jpg\" \/>\n<meta name=\"twitter:card\" content=\"summary_large_image\" \/>\n<meta name=\"twitter:label1\" content=\"Dur\u00e9e de lecture estim\u00e9e\" \/>\n\t<meta name=\"twitter:data1\" content=\"2 minutes\" \/>\n<script type=\"application\/ld+json\" class=\"yoast-schema-graph\">{\"@context\":\"https:\\\/\\\/schema.org\",\"@graph\":[{\"@type\":\"WebPage\",\"@id\":\"http:\\\/\\\/chaccour-agri.com\\\/fr\\\/products\\\/\",\"url\":\"http:\\\/\\\/chaccour-agri.com\\\/fr\\\/products\\\/\",\"name\":\"Products - chaccour Agricultural Company\",\"isPartOf\":{\"@id\":\"http:\\\/\\\/chaccour-agri.com\\\/ar\\\/#website\"},\"primaryImageOfPage\":{\"@id\":\"http:\\\/\\\/chaccour-agri.com\\\/fr\\\/products\\\/#primaryimage\"},\"image\":{\"@id\":\"http:\\\/\\\/chaccour-agri.com\\\/fr\\\/products\\\/#primaryimage\"},\"thumbnailUrl\":\"http:\\\/\\\/chaccour-agri.com\\\/wp-content\\\/uploads\\\/2023\\\/04\\\/Field-visit-collard-field-crop-California-lowcrop_web.jpg\",\"datePublished\":\"2023-04-20T02:05:14+00:00\",\"dateModified\":\"2023-07-26T15:53:44+00:00\",\"breadcrumb\":{\"@id\":\"http:\\\/\\\/chaccour-agri.com\\\/fr\\\/products\\\/#breadcrumb\"},\"inLanguage\":\"fr-FR\",\"potentialAction\":[{\"@type\":\"ReadAction\",\"target\":[\"http:\\\/\\\/chaccour-agri.com\\\/fr\\\/products\\\/\"]}]},{\"@type\":\"ImageObject\",\"inLanguage\":\"fr-FR\",\"@id\":\"http:\\\/\\\/chaccour-agri.com\\\/fr\\\/products\\\/#primaryimage\",\"url\":\"http:\\\/\\\/chaccour-agri.com\\\/wp-content\\\/uploads\\\/2023\\\/04\\\/Field-visit-collard-field-crop-California-lowcrop_web.jpg\",\"contentUrl\":\"http:\\\/\\\/chaccour-agri.com\\\/wp-content\\\/uploads\\\/2023\\\/04\\\/Field-visit-collard-field-crop-California-lowcrop_web.jpg\"},{\"@type\":\"BreadcrumbList\",\"@id\":\"http:\\\/\\\/chaccour-agri.com\\\/fr\\\/products\\\/#breadcrumb\",\"itemListElement\":[{\"@type\":\"ListItem\",\"position\":1,\"name\":\"Home\",\"item\":\"https:\\\/\\\/chaccour-agri.com\\\/fr\\\/\"},{\"@type\":\"ListItem\",\"position\":2,\"name\":\"Products\"}]},{\"@type\":\"WebSite\",\"@id\":\"http:\\\/\\\/chaccour-agri.com\\\/ar\\\/#website\",\"url\":\"http:\\\/\\\/chaccour-agri.com\\\/ar\\\/\",\"name\":\"Chaccour Agricultural Company\",\"description\":\"Quality Integrity Trust\",\"publisher\":{\"@id\":\"http:\\\/\\\/chaccour-agri.com\\\/ar\\\/#organization\"},\"potentialAction\":[{\"@type\":\"SearchAction\",\"target\":{\"@type\":\"EntryPoint\",\"urlTemplate\":\"http:\\\/\\\/chaccour-agri.com\\\/ar\\\/?s={search_term_string}\"},\"query-input\":{\"@type\":\"PropertyValueSpecification\",\"valueRequired\":true,\"valueName\":\"search_term_string\"}}],\"inLanguage\":\"fr-FR\"},{\"@type\":\"Organization\",\"@id\":\"http:\\\/\\\/chaccour-agri.com\\\/ar\\\/#organization\",\"name\":\"Chaccour Agricultural Company\",\"url\":\"http:\\\/\\\/chaccour-agri.com\\\/ar\\\/\",\"logo\":{\"@type\":\"ImageObject\",\"inLanguage\":\"fr-FR\",\"@id\":\"http:\\\/\\\/chaccour-agri.com\\\/ar\\\/#\\\/schema\\\/logo\\\/image\\\/\",\"url\":\"http:\\\/\\\/chaccour-agri.com\\\/wp-content\\\/uploads\\\/2023\\\/04\\\/chaccour-logo-2.png\",\"contentUrl\":\"http:\\\/\\\/chaccour-agri.com\\\/wp-content\\\/uploads\\\/2023\\\/04\\\/chaccour-logo-2.png\",\"width\":600,\"height\":350,\"caption\":\"Chaccour Agricultural Company\"},\"image\":{\"@id\":\"http:\\\/\\\/chaccour-agri.com\\\/ar\\\/#\\\/schema\\\/logo\\\/image\\\/\"},\"sameAs\":[\"https:\\\/\\\/www.facebook.com\\\/Chaccour.Agricultural.Company\\\/\"]}]}<\/script>\n<!-- \/ Yoast SEO plugin. -->","yoast_head_json":{"title":"Products - chaccour Agricultural Company","robots":{"index":"index","follow":"follow","max-snippet":"max-snippet:-1","max-image-preview":"max-image-preview:large","max-video-preview":"max-video-preview:-1"},"canonical":"http:\/\/chaccour-agri.com\/fr\/products\/","og_locale":"fr_FR","og_type":"article","og_title":"Products - chaccour Agricultural Company","og_description":"PROTECTION DES CULTURES Depuis sa cr\u00e9ation, Chaccour Agricultural Company s\u2019est engag\u00e9e \u00e0 fournir \u00e0 ses clients des solutions phytosanitaires de haute qualit\u00e9. Avec nos partenaires internationaux et locaux pour la protection des cultures, notre soci\u00e9t\u00e9 s\u2019efforce de fournir les mol\u00e9cules les plus r\u00e9centes et les plus s\u00fbres pour lutter contre la menace croissante des ravageurs [&hellip;]","og_url":"http:\/\/chaccour-agri.com\/fr\/products\/","og_site_name":"chaccour Agricultural Company","article_publisher":"https:\/\/www.facebook.com\/Chaccour.Agricultural.Company\/","article_modified_time":"2023-07-26T15:53:44+00:00","og_image":[{"url":"http:\/\/chaccour-agri.com\/wp-content\/uploads\/2023\/04\/Field-visit-collard-field-crop-California-lowcrop_web.jpg","type":"","width":"","height":""}],"twitter_card":"summary_large_image","twitter_misc":{"Dur\u00e9e de lecture estim\u00e9e":"2 minutes"},"schema":{"@context":"https:\/\/schema.org","@graph":[{"@type":"WebPage","@id":"http:\/\/chaccour-agri.com\/fr\/products\/","url":"http:\/\/chaccour-agri.com\/fr\/products\/","name":"Products - chaccour Agricultural Company","isPartOf":{"@id":"http:\/\/chaccour-agri.com\/ar\/#website"},"primaryImageOfPage":{"@id":"http:\/\/chaccour-agri.com\/fr\/products\/#primaryimage"},"image":{"@id":"http:\/\/chaccour-agri.com\/fr\/products\/#primaryimage"},"thumbnailUrl":"http:\/\/chaccour-agri.com\/wp-content\/uploads\/2023\/04\/Field-visit-collard-field-crop-California-lowcrop_web.jpg","datePublished":"2023-04-20T02:05:14+00:00","dateModified":"2023-07-26T15:53:44+00:00","breadcrumb":{"@id":"http:\/\/chaccour-agri.com\/fr\/products\/#breadcrumb"},"inLanguage":"fr-FR","potentialAction":[{"@type":"ReadAction","target":["http:\/\/chaccour-agri.com\/fr\/products\/"]}]},{"@type":"ImageObject","inLanguage":"fr-FR","@id":"http:\/\/chaccour-agri.com\/fr\/products\/#primaryimage","url":"http:\/\/chaccour-agri.com\/wp-content\/uploads\/2023\/04\/Field-visit-collard-field-crop-California-lowcrop_web.jpg","contentUrl":"http:\/\/chaccour-agri.com\/wp-content\/uploads\/2023\/04\/Field-visit-collard-field-crop-California-lowcrop_web.jpg"},{"@type":"BreadcrumbList","@id":"http:\/\/chaccour-agri.com\/fr\/products\/#breadcrumb","itemListElement":[{"@type":"ListItem","position":1,"name":"Home","item":"https:\/\/chaccour-agri.com\/fr\/"},{"@type":"ListItem","position":2,"name":"Products"}]},{"@type":"WebSite","@id":"http:\/\/chaccour-agri.com\/ar\/#website","url":"http:\/\/chaccour-agri.com\/ar\/","name":"Chaccour Agricultural Company","description":"Quality Integrity Trust","publisher":{"@id":"http:\/\/chaccour-agri.com\/ar\/#organization"},"potentialAction":[{"@type":"SearchAction","target":{"@type":"EntryPoint","urlTemplate":"http:\/\/chaccour-agri.com\/ar\/?s={search_term_string}"},"query-input":{"@type":"PropertyValueSpecification","valueRequired":true,"valueName":"search_term_string"}}],"inLanguage":"fr-FR"},{"@type":"Organization","@id":"http:\/\/chaccour-agri.com\/ar\/#organization","name":"Chaccour Agricultural Company","url":"http:\/\/chaccour-agri.com\/ar\/","logo":{"@type":"ImageObject","inLanguage":"fr-FR","@id":"http:\/\/chaccour-agri.com\/ar\/#\/schema\/logo\/image\/","url":"http:\/\/chaccour-agri.com\/wp-content\/uploads\/2023\/04\/chaccour-logo-2.png","contentUrl":"http:\/\/chaccour-agri.com\/wp-content\/uploads\/2023\/04\/chaccour-logo-2.png","width":600,"height":350,"caption":"Chaccour Agricultural Company"},"image":{"@id":"http:\/\/chaccour-agri.com\/ar\/#\/schema\/logo\/image\/"},"sameAs":["https:\/\/www.facebook.com\/Chaccour.Agricultural.Company\/"]}]}},"_links":{"self":[{"href":"http:\/\/chaccour-agri.com\/fr\/wp-json\/wp\/v2\/pages\/836","targetHints":{"allow":["GET"]}}],"collection":[{"href":"http:\/\/chaccour-agri.com\/fr\/wp-json\/wp\/v2\/pages"}],"about":[{"href":"http:\/\/chaccour-agri.com\/fr\/wp-json\/wp\/v2\/types\/page"}],"author":[{"embeddable":true,"href":"http:\/\/chaccour-agri.com\/fr\/wp-json\/wp\/v2\/users\/1"}],"replies":[{"embeddable":true,"href":"http:\/\/chaccour-agri.com\/fr\/wp-json\/wp\/v2\/comments?post=836"}],"version-history":[{"count":11,"href":"http:\/\/chaccour-agri.com\/fr\/wp-json\/wp\/v2\/pages\/836\/revisions"}],"predecessor-version":[{"id":967,"href":"http:\/\/chaccour-agri.com\/fr\/wp-json\/wp\/v2\/pages\/836\/revisions\/967"}],"wp:attachment":[{"href":"http:\/\/chaccour-agri.com\/fr\/wp-json\/wp\/v2\/media?parent=836"}],"curies":[{"name":"wp","href":"https:\/\/api.w.org\/{rel}","templated":true}]}}